{"id":442,"date":"2015-07-13T14:56:17","date_gmt":"2015-07-13T14:56:17","guid":{"rendered":"http:\/\/medicine-plus.cmsmasters.net\/?page_id=442"},"modified":"2020-04-12T13:46:16","modified_gmt":"2020-04-12T11:46:16","slug":"skolka","status":"publish","type":"page","link":"https:\/\/cililin.sk\/index.php\/skolka\/","title":{"rendered":"O \u0161k\u00f4lke"},"content":{"rendered":"<style type=\"text\/css\"> \n#cmsmasters_row_69f37ea1ef3062_55305162 .cmsmasters_row_outer_parent { \n\tpadding-bottom: 20px; \n} \n\n \n#cmsmasters_divider_69f37ea1ef4673_92352179 { \n\tborder-bottom-width:1px; \n\tborder-bottom-style:solid; \n\tpadding-top:50px; \n\tmargin-bottom:50px; \n} \n \n#cmsmasters_heading_69f37ea1ef505 { \n\ttext-align:center; \n\tmargin-top:20px; \n\tmargin-bottom:20px; \n} \n\n#cmsmasters_heading_69f37ea1ef505 .cmsmasters_heading { \n\ttext-align:center; \n} \n\n#cmsmasters_heading_69f37ea1ef505 .cmsmasters_heading, #cmsmasters_heading_69f37ea1ef505 .cmsmasters_heading a { \n\tfont-weight:lighter; \n\tfont-style:normal; \n} \n\n#cmsmasters_heading_69f37ea1ef505 .cmsmasters_heading_divider { \n} \n\n \n#cmsmasters_row_69f37ea1ef6a20_78750845 .cmsmasters_row_outer_parent { \n\tpadding-bottom: 20px; \n} \n\n \n#cmsmasters_icon_box_69f37ea1ef7d94_85866843 { \n\tborder-width:0px; \n\t-webkit-border-radius:15px; \n\tborder-radius:15px; \n\tcolor:#ffffff;\n\tbackground-color:#f6c127;\n} \n\n#cmsmasters_icon_box_69f37ea1ef7d94_85866843:before, \n#cmsmasters_icon_box_69f37ea1ef7d94_85866843 .icon_box_heading:before { \n\tfont-size:30px; \n\tline-height:50px; \n\twidth:50px; \n\theight:50px; \n\tborder-width:0px; \n\t-webkit-border-radius:50%; \n\tborder-radius:50%; \n\tcolor:#ffffff;\n} \n\n#cmsmasters_icon_box_69f37ea1ef7d94_85866843.cmsmasters_icon_heading_left, \n#cmsmasters_icon_box_69f37ea1ef7d94_85866843.cmsmasters_icon_top, \n#cmsmasters_icon_box_69f37ea1ef7d94_85866843.cmsmasters_icon_box_left_top { \n\tpadding:30px 20px; } \n\n#cmsmasters_icon_box_69f37ea1ef7d94_85866843.cmsmasters_icon_top:before { \n\ttop:30px;} \n\n#cmsmasters_icon_box_69f37ea1ef7d94_85866843 a:not(.cmsmasters_button), \n#cmsmasters_icon_box_69f37ea1ef7d94_85866843 a:not(.cmsmasters_button):hover, \n#cmsmasters_icon_box_69f37ea1ef7d94_85866843 h1, \n#cmsmasters_icon_box_69f37ea1ef7d94_85866843 h2, \n#cmsmasters_icon_box_69f37ea1ef7d94_85866843 h3, \n#cmsmasters_icon_box_69f37ea1ef7d94_85866843 h4, \n#cmsmasters_icon_box_69f37ea1ef7d94_85866843 h5, \n#cmsmasters_icon_box_69f37ea1ef7d94_85866843 h6 { \n\tcolor:#ffffff;} \n\n#cmsmasters_icon_box_69f37ea1ef7d94_85866843 a:not(.cmsmasters_button) { \n\n\ttext-decoration:underline;} \n\n#cmsmasters_icon_box_69f37ea1ef7d94_85866843 a:not(.cmsmasters_button):hover { \n\n\ttext-decoration:none;} \n\n \n#cmsmasters_icon_box_69f37ea1ef88b0_01879282 { \n\tborder-width:0px; \n\t-webkit-border-radius:3%; \n\tborder-radius:3%; \n\tcolor:#ffffff;\n\tbackground-color:#0187a4;\n} \n\n#cmsmasters_icon_box_69f37ea1ef88b0_01879282:before, \n#cmsmasters_icon_box_69f37ea1ef88b0_01879282 .icon_box_heading:before { \n\tfont-size:30px; \n\tline-height:50px; \n\twidth:50px; \n\theight:50px; \n\tborder-width:0px; \n\t-webkit-border-radius:50%; \n\tborder-radius:50%; \n\tcolor:#ffffff;\n} \n\n#cmsmasters_icon_box_69f37ea1ef88b0_01879282.cmsmasters_icon_heading_left, \n#cmsmasters_icon_box_69f37ea1ef88b0_01879282.cmsmasters_icon_top, \n#cmsmasters_icon_box_69f37ea1ef88b0_01879282.cmsmasters_icon_box_left_top { \n\tpadding:30px 20px; } \n\n#cmsmasters_icon_box_69f37ea1ef88b0_01879282.cmsmasters_icon_top:before { \n\ttop:30px;} \n\n#cmsmasters_icon_box_69f37ea1ef88b0_01879282 a:not(.cmsmasters_button), \n#cmsmasters_icon_box_69f37ea1ef88b0_01879282 a:not(.cmsmasters_button):hover, \n#cmsmasters_icon_box_69f37ea1ef88b0_01879282 h1, \n#cmsmasters_icon_box_69f37ea1ef88b0_01879282 h2, \n#cmsmasters_icon_box_69f37ea1ef88b0_01879282 h3, \n#cmsmasters_icon_box_69f37ea1ef88b0_01879282 h4, \n#cmsmasters_icon_box_69f37ea1ef88b0_01879282 h5, \n#cmsmasters_icon_box_69f37ea1ef88b0_01879282 h6 { \n\tcolor:#ffffff;} \n\n#cmsmasters_icon_box_69f37ea1ef88b0_01879282 a:not(.cmsmasters_button) { \n\n\ttext-decoration:underline;} \n\n#cmsmasters_icon_box_69f37ea1ef88b0_01879282 a:not(.cmsmasters_button):hover { \n\n\ttext-decoration:none;} \n\n \n#cmsmasters_icon_box_69f37ea1ef9267_59176119 { \n\tborder-width:0px; \n\t-webkit-border-radius:15px; \n\tborder-radius:15px; \n\tcolor:#ffffff;\n\tbackground-color:#9d64a5;\n} \n\n#cmsmasters_icon_box_69f37ea1ef9267_59176119:before, \n#cmsmasters_icon_box_69f37ea1ef9267_59176119 .icon_box_heading:before { \n\tfont-size:30px; \n\tline-height:50px; \n\twidth:50px; \n\theight:50px; \n\tborder-width:0px; \n\t-webkit-border-radius:50%; \n\tborder-radius:50%; \n\tcolor:#ffffff;\n} \n\n#cmsmasters_icon_box_69f37ea1ef9267_59176119.cmsmasters_icon_heading_left, \n#cmsmasters_icon_box_69f37ea1ef9267_59176119.cmsmasters_icon_top, \n#cmsmasters_icon_box_69f37ea1ef9267_59176119.cmsmasters_icon_box_left_top { \n\tpadding:30px 20px; } \n\n#cmsmasters_icon_box_69f37ea1ef9267_59176119.cmsmasters_icon_top:before { \n\ttop:30px;} \n\n#cmsmasters_icon_box_69f37ea1ef9267_59176119 a:not(.cmsmasters_button), \n#cmsmasters_icon_box_69f37ea1ef9267_59176119 a:not(.cmsmasters_button):hover, \n#cmsmasters_icon_box_69f37ea1ef9267_59176119 h1, \n#cmsmasters_icon_box_69f37ea1ef9267_59176119 h2, \n#cmsmasters_icon_box_69f37ea1ef9267_59176119 h3, \n#cmsmasters_icon_box_69f37ea1ef9267_59176119 h4, \n#cmsmasters_icon_box_69f37ea1ef9267_59176119 h5, \n#cmsmasters_icon_box_69f37ea1ef9267_59176119 h6 { \n\tcolor:#ffffff;} \n\n#cmsmasters_icon_box_69f37ea1ef9267_59176119 a:not(.cmsmasters_button) { \n\n\ttext-decoration:underline;} \n\n#cmsmasters_icon_box_69f37ea1ef9267_59176119 a:not(.cmsmasters_button):hover { \n\n\ttext-decoration:none;} \n\n \n#cmsmasters_divider_69f37ea1efa9e4_27204070 { \n\tborder-bottom-width:1px; \n\tborder-bottom-style:solid; \n\tpadding-top:50px; \n\tmargin-bottom:50px; \n} \n \n#cmsmasters_heading_69f37ea1efb28 { \n\ttext-align:center; \n\tmargin-top:20px; \n\tmargin-bottom:40px; \n} \n\n#cmsmasters_heading_69f37ea1efb28 .cmsmasters_heading { \n\ttext-align:center; \n} \n\n#cmsmasters_heading_69f37ea1efb28 .cmsmasters_heading, #cmsmasters_heading_69f37ea1efb28 .cmsmasters_heading a { \n\tfont-weight:lighter; \n\tfont-style:normal; \n} \n\n#cmsmasters_heading_69f37ea1efb28 .cmsmasters_heading_divider { \n} \n\n<\/style><div id=\"cmsmasters_row_69f37ea1ef3062_55305162\" class=\"cmsmasters_row cmsmasters_color_scheme_default cmsmasters_row_top_default cmsmasters_row_bot_default cmsmasters_row_boxed\">\n<div class=\"cmsmasters_row_outer_parent\">\n<div class=\"cmsmasters_row_outer\">\n<div class=\"cmsmasters_row_inner\">\n<div class=\"cmsmasters_row_margin\">\n<div class=\"cmsmasters_column one_first\">\n\n<div id=\"cmsmasters_divider_69f37ea1ef4673_92352179\" class=\"cmsmasters_divider cmsmasters_divider_width_long cmsmasters_divider_pos_center\"><\/div>\n\n<div id=\"cmsmasters_heading_69f37ea1ef505\" class=\"cmsmasters_heading_wrap cmsmasters_heading_align_center\">\n\t<h2 class=\"cmsmasters_heading\">\u010co by ste mali o n\u00e1s vedie\u0165?<\/h2>\n<\/div>\n<\/div>\n<\/div>\n<\/div>\n<\/div>\n<\/div>\n<\/div>\n<div id=\"cmsmasters_row_69f37ea1ef6a20_78750845\" class=\"cmsmasters_row cmsmasters_color_scheme_default cmsmasters_row_top_default cmsmasters_row_bot_default cmsmasters_row_boxed\">\n<div class=\"cmsmasters_row_outer_parent\">\n<div class=\"cmsmasters_row_outer\">\n<div class=\"cmsmasters_row_inner\">\n<div class=\"cmsmasters_row_margin\">\n<div class=\"cmsmasters_column one_third\">\n\n<div id=\"cmsmasters_icon_box_69f37ea1ef7d94_85866843\" class=\"cmsmasters_icon_box cmsmasters_icon_heading_left box_icon_type_icon\">\n<div class=\"icon_box_inner\">\n<h3 class=\"icon_box_heading cmsmasters-icon-game\">Z\u00e1bavn\u00e9 aktivity<\/h3>\n<div class=\"icon_box_text\">\n<p>texty<\/p>\n<\/div>\n<\/div>\n<\/div>\n<\/div>\n<div class=\"cmsmasters_column one_third\">\n\n<div id=\"cmsmasters_icon_box_69f37ea1ef88b0_01879282\" class=\"cmsmasters_icon_box cmsmasters_icon_heading_left box_icon_type_icon\">\n<div class=\"icon_box_inner\">\n<h3 class=\"icon_box_heading cmsmasters-icon-smile-1\">\u0160\u0165astn\u00e9 deti<\/h3>\n<div class=\"icon_box_text\">\n<p style=\"text-align: left;\"><span style=\"color: #ffffff;\">Texty<\/span><\/p>\n<\/div>\n<\/div>\n<\/div>\n<\/div>\n<div class=\"cmsmasters_column one_third\">\n\n<div id=\"cmsmasters_icon_box_69f37ea1ef9267_59176119\" class=\"cmsmasters_icon_box cmsmasters_icon_heading_left box_icon_type_icon\">\n<div class=\"icon_box_inner\">\n<h3 class=\"icon_box_heading cmsmasters-icon-heart-3\">Mil\u00ed vychov\u00e1vatelia<\/h3>\n<div class=\"icon_box_text\">\n<p><span style=\"color: #ffffff;\">Texty<\/span><\/p>\n<\/div>\n<\/div>\n<\/div>\n<\/div>\n<\/div>\n<\/div>\n<\/div>\n<\/div>\n<\/div>\n<div id=\"cmsmasters_row_69f37ea1ef9771_25453432\" class=\"cmsmasters_row cmsmasters_color_scheme_default cmsmasters_row_top_default cmsmasters_row_bot_default cmsmasters_row_boxed\">\n<div class=\"cmsmasters_row_outer_parent\">\n<div class=\"cmsmasters_row_outer\">\n<div class=\"cmsmasters_row_inner\">\n<div class=\"cmsmasters_row_margin\">\n<div class=\"cmsmasters_column one_first\">\n\n<div id=\"cmsmasters_divider_69f37ea1efa9e4_27204070\" class=\"cmsmasters_divider cmsmasters_divider_width_long cmsmasters_divider_pos_center\"><\/div>\n\n<div id=\"cmsmasters_heading_69f37ea1efb28\" class=\"cmsmasters_heading_wrap cmsmasters_heading_align_center\">\n\t<h2 class=\"cmsmasters_heading\">P\u00e1r slov o n\u00e1s<\/h2>\n<\/div><div class=\"cmsmasters_text\">\n<p style=\"text-align: center;\">Tu bud\u00fa texty o \u0161k\u00f4lke<\/p>\n<p>&nbsp;<\/p>\n<p>&nbsp;<\/p>\n<p>&nbsp;<\/p>\n<p>&nbsp;<\/p>\n<\/div>\n<\/div>\n<\/div>\n<\/div>\n<\/div>\n<\/div>\n<\/div>\n\n","protected":false},"excerpt":{"rendered":"","protected":false},"author":1,"featured_media":0,"parent":0,"menu_order":0,"comment_status":"closed","ping_status":"open","template":"","meta":{"footnotes":""},"class_list":["post-442","page","type-page","status-publish","hentry"],"yoast_head":"<!-- This site is optimized with the Yoast SEO plugin v26.7 - https:\/\/yoast.com\/wordpress\/plugins\/seo\/ -->\n<title>O \u0161k\u00f4lke - S\u00fakromn\u00e1 \u0161k\u00f4lka CILILIN<\/title>\n<meta name=\"robots\" content=\"index, follow, max-snippet:-1, max-image-preview:large, max-video-preview:-1\" \/>\n<link rel=\"canonical\" href=\"https:\/\/www.cililin.sk\/index.php\/skolka\/\" \/>\n<meta property=\"og:locale\" content=\"sk_SK\" \/>\n<meta property=\"og:type\" content=\"article\" \/>\n<meta property=\"og:title\" content=\"O \u0161k\u00f4lke - S\u00fakromn\u00e1 \u0161k\u00f4lka CILILIN\" \/>\n<meta property=\"og:url\" content=\"https:\/\/www.cililin.sk\/index.php\/skolka\/\" \/>\n<meta property=\"og:site_name\" content=\"S\u00fakromn\u00e1 \u0161k\u00f4lka CILILIN\" \/>\n<meta property=\"article:modified_time\" content=\"2020-04-12T11:46:16+00:00\" \/>\n<meta name=\"twitter:card\" content=\"summary_large_image\" \/>\n<meta name=\"twitter:label1\" content=\"Predpokladan\u00fd \u010das \u010d\u00edtania\" \/>\n\t<meta name=\"twitter:data1\" content=\"2 min\u00faty\" \/>\n<script type=\"application\/ld+json\" class=\"yoast-schema-graph\">{\"@context\":\"https:\/\/schema.org\",\"@graph\":[{\"@type\":\"WebPage\",\"@id\":\"https:\/\/www.cililin.sk\/index.php\/skolka\/\",\"url\":\"https:\/\/www.cililin.sk\/index.php\/skolka\/\",\"name\":\"O \u0161k\u00f4lke - S\u00fakromn\u00e1 \u0161k\u00f4lka CILILIN\",\"isPartOf\":{\"@id\":\"https:\/\/cililin.sk\/#website\"},\"datePublished\":\"2015-07-13T14:56:17+00:00\",\"dateModified\":\"2020-04-12T11:46:16+00:00\",\"breadcrumb\":{\"@id\":\"https:\/\/www.cililin.sk\/index.php\/skolka\/#breadcrumb\"},\"inLanguage\":\"sk-SK\",\"potentialAction\":[{\"@type\":\"ReadAction\",\"target\":[\"https:\/\/www.cililin.sk\/index.php\/skolka\/\"]}]},{\"@type\":\"BreadcrumbList\",\"@id\":\"https:\/\/www.cililin.sk\/index.php\/skolka\/#breadcrumb\",\"itemListElement\":[{\"@type\":\"ListItem\",\"position\":1,\"name\":\"Home\",\"item\":\"https:\/\/cililin.sk\/\"},{\"@type\":\"ListItem\",\"position\":2,\"name\":\"O \u0161k\u00f4lke\"}]},{\"@type\":\"WebSite\",\"@id\":\"https:\/\/cililin.sk\/#website\",\"url\":\"https:\/\/cililin.sk\/\",\"name\":\"S\u00fakromn\u00e1 \u0161k\u00f4lka CILILIN\",\"description\":\"S\u00fakromn\u00e1 \u0161k\u00f4lka - Z\u00e1horsk\u00e1 Bystrica\",\"potentialAction\":[{\"@type\":\"SearchAction\",\"target\":{\"@type\":\"EntryPoint\",\"urlTemplate\":\"https:\/\/cililin.sk\/?s={search_term_string}\"},\"query-input\":{\"@type\":\"PropertyValueSpecification\",\"valueRequired\":true,\"valueName\":\"search_term_string\"}}],\"inLanguage\":\"sk-SK\"}]}<\/script>\n<!-- \/ Yoast SEO plugin. -->","yoast_head_json":{"title":"O \u0161k\u00f4lke - S\u00fakromn\u00e1 \u0161k\u00f4lka CILILIN","robots":{"index":"index","follow":"follow","max-snippet":"max-snippet:-1","max-image-preview":"max-image-preview:large","max-video-preview":"max-video-preview:-1"},"canonical":"https:\/\/www.cililin.sk\/index.php\/skolka\/","og_locale":"sk_SK","og_type":"article","og_title":"O \u0161k\u00f4lke - S\u00fakromn\u00e1 \u0161k\u00f4lka CILILIN","og_url":"https:\/\/www.cililin.sk\/index.php\/skolka\/","og_site_name":"S\u00fakromn\u00e1 \u0161k\u00f4lka CILILIN","article_modified_time":"2020-04-12T11:46:16+00:00","twitter_card":"summary_large_image","twitter_misc":{"Predpokladan\u00fd \u010das \u010d\u00edtania":"2 min\u00faty"},"schema":{"@context":"https:\/\/schema.org","@graph":[{"@type":"WebPage","@id":"https:\/\/www.cililin.sk\/index.php\/skolka\/","url":"https:\/\/www.cililin.sk\/index.php\/skolka\/","name":"O \u0161k\u00f4lke - S\u00fakromn\u00e1 \u0161k\u00f4lka CILILIN","isPartOf":{"@id":"https:\/\/cililin.sk\/#website"},"datePublished":"2015-07-13T14:56:17+00:00","dateModified":"2020-04-12T11:46:16+00:00","breadcrumb":{"@id":"https:\/\/www.cililin.sk\/index.php\/skolka\/#breadcrumb"},"inLanguage":"sk-SK","potentialAction":[{"@type":"ReadAction","target":["https:\/\/www.cililin.sk\/index.php\/skolka\/"]}]},{"@type":"BreadcrumbList","@id":"https:\/\/www.cililin.sk\/index.php\/skolka\/#breadcrumb","itemListElement":[{"@type":"ListItem","position":1,"name":"Home","item":"https:\/\/cililin.sk\/"},{"@type":"ListItem","position":2,"name":"O \u0161k\u00f4lke"}]},{"@type":"WebSite","@id":"https:\/\/cililin.sk\/#website","url":"https:\/\/cililin.sk\/","name":"S\u00fakromn\u00e1 \u0161k\u00f4lka CILILIN","description":"S\u00fakromn\u00e1 \u0161k\u00f4lka - Z\u00e1horsk\u00e1 Bystrica","potentialAction":[{"@type":"SearchAction","target":{"@type":"EntryPoint","urlTemplate":"https:\/\/cililin.sk\/?s={search_term_string}"},"query-input":{"@type":"PropertyValueSpecification","valueRequired":true,"valueName":"search_term_string"}}],"inLanguage":"sk-SK"}]}},"_links":{"self":[{"href":"https:\/\/cililin.sk\/index.php\/wp-json\/wp\/v2\/pages\/442","targetHints":{"allow":["GET"]}}],"collection":[{"href":"https:\/\/cililin.sk\/index.php\/wp-json\/wp\/v2\/pages"}],"about":[{"href":"https:\/\/cililin.sk\/index.php\/wp-json\/wp\/v2\/types\/page"}],"author":[{"embeddable":true,"href":"https:\/\/cililin.sk\/index.php\/wp-json\/wp\/v2\/users\/1"}],"replies":[{"embeddable":true,"href":"https:\/\/cililin.sk\/index.php\/wp-json\/wp\/v2\/comments?post=442"}],"version-history":[{"count":7,"href":"https:\/\/cililin.sk\/index.php\/wp-json\/wp\/v2\/pages\/442\/revisions"}],"predecessor-version":[{"id":8366,"href":"https:\/\/cililin.sk\/index.php\/wp-json\/wp\/v2\/pages\/442\/revisions\/8366"}],"wp:attachment":[{"href":"https:\/\/cililin.sk\/index.php\/wp-json\/wp\/v2\/media?parent=442"}],"curies":[{"name":"wp","href":"https:\/\/api.w.org\/{rel}","templated":true}]}}