{"id":308,"date":"2015-07-09T09:47:08","date_gmt":"2015-07-09T09:47:08","guid":{"rendered":"http:\/\/medicine-plus.cmsmasters.net\/?page_id=308"},"modified":"2026-04-24T13:19:51","modified_gmt":"2026-04-24T11:19:51","slug":"jedalny-listok","status":"publish","type":"page","link":"https:\/\/cililin.sk\/index.php\/jedalny-listok\/","title":{"rendered":"Jed\u00e1lny l\u00edstok"},"content":{"rendered":"<style type=\"text\/css\"><\/style><p><img loading=\"lazy\" decoding=\"async\" class=\"alignnone wp-image-9186 size-full\" src=\"https:\/\/www.cililin.sk\/wp-content\/uploads\/2026\/04\/JL-2.jpg\" alt=\"\" width=\"517\" height=\"674\" srcset=\"https:\/\/cililin.sk\/wp-content\/uploads\/2026\/04\/JL-2.jpg 517w, https:\/\/cililin.sk\/wp-content\/uploads\/2026\/04\/JL-2-230x300.jpg 230w\" sizes=\"auto, (max-width: 517px) 100vw, 517px\" \/><\/p>\n","protected":false},"excerpt":{"rendered":"","protected":false},"author":1,"featured_media":0,"parent":0,"menu_order":0,"comment_status":"closed","ping_status":"open","template":"","meta":{"footnotes":""},"class_list":["post-308","page","type-page","status-publish","hentry"],"yoast_head":"<!-- This site is optimized with the Yoast SEO plugin v26.7 - https:\/\/yoast.com\/wordpress\/plugins\/seo\/ -->\n<title>Jed\u00e1lny l\u00edstok - S\u00fakromn\u00e1 \u0161k\u00f4lka CILILIN<\/title>\n<meta name=\"robots\" content=\"index, follow, max-snippet:-1, max-image-preview:large, max-video-preview:-1\" \/>\n<link rel=\"canonical\" href=\"https:\/\/www.cililin.sk\/index.php\/jedalny-listok\/\" \/>\n<meta property=\"og:locale\" content=\"sk_SK\" \/>\n<meta property=\"og:type\" content=\"article\" \/>\n<meta property=\"og:title\" content=\"Jed\u00e1lny l\u00edstok - S\u00fakromn\u00e1 \u0161k\u00f4lka CILILIN\" \/>\n<meta property=\"og:url\" content=\"https:\/\/www.cililin.sk\/index.php\/jedalny-listok\/\" \/>\n<meta property=\"og:site_name\" content=\"S\u00fakromn\u00e1 \u0161k\u00f4lka CILILIN\" \/>\n<meta property=\"article:modified_time\" content=\"2026-04-24T11:19:51+00:00\" \/>\n<meta property=\"og:image\" content=\"https:\/\/cililin.sk\/wp-content\/uploads\/2026\/04\/JL-2.jpg\" \/>\n\t<meta property=\"og:image:width\" content=\"517\" \/>\n\t<meta property=\"og:image:height\" content=\"674\" \/>\n\t<meta property=\"og:image:type\" content=\"image\/jpeg\" \/>\n<meta name=\"twitter:card\" content=\"summary_large_image\" \/>\n<meta name=\"twitter:label1\" content=\"Predpokladan\u00fd \u010das \u010d\u00edtania\" \/>\n\t<meta name=\"twitter:data1\" content=\"1 min\u00fata\" \/>\n<script type=\"application\/ld+json\" class=\"yoast-schema-graph\">{\"@context\":\"https:\/\/schema.org\",\"@graph\":[{\"@type\":\"WebPage\",\"@id\":\"https:\/\/www.cililin.sk\/index.php\/jedalny-listok\/\",\"url\":\"https:\/\/www.cililin.sk\/index.php\/jedalny-listok\/\",\"name\":\"Jed\u00e1lny l\u00edstok - S\u00fakromn\u00e1 \u0161k\u00f4lka CILILIN\",\"isPartOf\":{\"@id\":\"https:\/\/www.cililin.sk\/#website\"},\"primaryImageOfPage\":{\"@id\":\"https:\/\/www.cililin.sk\/index.php\/jedalny-listok\/#primaryimage\"},\"image\":{\"@id\":\"https:\/\/www.cililin.sk\/index.php\/jedalny-listok\/#primaryimage\"},\"thumbnailUrl\":\"https:\/\/www.cililin.sk\/wp-content\/uploads\/2026\/04\/JL-2.jpg\",\"datePublished\":\"2015-07-09T09:47:08+00:00\",\"dateModified\":\"2026-04-24T11:19:51+00:00\",\"breadcrumb\":{\"@id\":\"https:\/\/www.cililin.sk\/index.php\/jedalny-listok\/#breadcrumb\"},\"inLanguage\":\"sk-SK\",\"potentialAction\":[{\"@type\":\"ReadAction\",\"target\":[\"https:\/\/www.cililin.sk\/index.php\/jedalny-listok\/\"]}]},{\"@type\":\"ImageObject\",\"inLanguage\":\"sk-SK\",\"@id\":\"https:\/\/www.cililin.sk\/index.php\/jedalny-listok\/#primaryimage\",\"url\":\"https:\/\/www.cililin.sk\/wp-content\/uploads\/2026\/04\/JL-2.jpg\",\"contentUrl\":\"https:\/\/www.cililin.sk\/wp-content\/uploads\/2026\/04\/JL-2.jpg\"},{\"@type\":\"BreadcrumbList\",\"@id\":\"https:\/\/www.cililin.sk\/index.php\/jedalny-listok\/#breadcrumb\",\"itemListElement\":[{\"@type\":\"ListItem\",\"position\":1,\"name\":\"Home\",\"item\":\"https:\/\/www.cililin.sk\/\"},{\"@type\":\"ListItem\",\"position\":2,\"name\":\"Jed\u00e1lny l\u00edstok\"}]},{\"@type\":\"WebSite\",\"@id\":\"https:\/\/www.cililin.sk\/#website\",\"url\":\"https:\/\/www.cililin.sk\/\",\"name\":\"S\u00fakromn\u00e1 \u0161k\u00f4lka CILILIN\",\"description\":\"S\u00fakromn\u00e1 \u0161k\u00f4lka - Z\u00e1horsk\u00e1 Bystrica\",\"potentialAction\":[{\"@type\":\"SearchAction\",\"target\":{\"@type\":\"EntryPoint\",\"urlTemplate\":\"https:\/\/www.cililin.sk\/?s={search_term_string}\"},\"query-input\":{\"@type\":\"PropertyValueSpecification\",\"valueRequired\":true,\"valueName\":\"search_term_string\"}}],\"inLanguage\":\"sk-SK\"}]}<\/script>\n<!-- \/ Yoast SEO plugin. -->","yoast_head_json":{"title":"Jed\u00e1lny l\u00edstok - S\u00fakromn\u00e1 \u0161k\u00f4lka CILILIN","robots":{"index":"index","follow":"follow","max-snippet":"max-snippet:-1","max-image-preview":"max-image-preview:large","max-video-preview":"max-video-preview:-1"},"canonical":"https:\/\/www.cililin.sk\/index.php\/jedalny-listok\/","og_locale":"sk_SK","og_type":"article","og_title":"Jed\u00e1lny l\u00edstok - S\u00fakromn\u00e1 \u0161k\u00f4lka CILILIN","og_url":"https:\/\/www.cililin.sk\/index.php\/jedalny-listok\/","og_site_name":"S\u00fakromn\u00e1 \u0161k\u00f4lka CILILIN","article_modified_time":"2026-04-24T11:19:51+00:00","og_image":[{"width":517,"height":674,"url":"https:\/\/cililin.sk\/wp-content\/uploads\/2026\/04\/JL-2.jpg","type":"image\/jpeg"}],"twitter_card":"summary_large_image","twitter_misc":{"Predpokladan\u00fd \u010das \u010d\u00edtania":"1 min\u00fata"},"schema":{"@context":"https:\/\/schema.org","@graph":[{"@type":"WebPage","@id":"https:\/\/www.cililin.sk\/index.php\/jedalny-listok\/","url":"https:\/\/www.cililin.sk\/index.php\/jedalny-listok\/","name":"Jed\u00e1lny l\u00edstok - S\u00fakromn\u00e1 \u0161k\u00f4lka CILILIN","isPartOf":{"@id":"https:\/\/www.cililin.sk\/#website"},"primaryImageOfPage":{"@id":"https:\/\/www.cililin.sk\/index.php\/jedalny-listok\/#primaryimage"},"image":{"@id":"https:\/\/www.cililin.sk\/index.php\/jedalny-listok\/#primaryimage"},"thumbnailUrl":"https:\/\/www.cililin.sk\/wp-content\/uploads\/2026\/04\/JL-2.jpg","datePublished":"2015-07-09T09:47:08+00:00","dateModified":"2026-04-24T11:19:51+00:00","breadcrumb":{"@id":"https:\/\/www.cililin.sk\/index.php\/jedalny-listok\/#breadcrumb"},"inLanguage":"sk-SK","potentialAction":[{"@type":"ReadAction","target":["https:\/\/www.cililin.sk\/index.php\/jedalny-listok\/"]}]},{"@type":"ImageObject","inLanguage":"sk-SK","@id":"https:\/\/www.cililin.sk\/index.php\/jedalny-listok\/#primaryimage","url":"https:\/\/www.cililin.sk\/wp-content\/uploads\/2026\/04\/JL-2.jpg","contentUrl":"https:\/\/www.cililin.sk\/wp-content\/uploads\/2026\/04\/JL-2.jpg"},{"@type":"BreadcrumbList","@id":"https:\/\/www.cililin.sk\/index.php\/jedalny-listok\/#breadcrumb","itemListElement":[{"@type":"ListItem","position":1,"name":"Home","item":"https:\/\/www.cililin.sk\/"},{"@type":"ListItem","position":2,"name":"Jed\u00e1lny l\u00edstok"}]},{"@type":"WebSite","@id":"https:\/\/www.cililin.sk\/#website","url":"https:\/\/www.cililin.sk\/","name":"S\u00fakromn\u00e1 \u0161k\u00f4lka CILILIN","description":"S\u00fakromn\u00e1 \u0161k\u00f4lka - Z\u00e1horsk\u00e1 Bystrica","potentialAction":[{"@type":"SearchAction","target":{"@type":"EntryPoint","urlTemplate":"https:\/\/www.cililin.sk\/?s={search_term_string}"},"query-input":{"@type":"PropertyValueSpecification","valueRequired":true,"valueName":"search_term_string"}}],"inLanguage":"sk-SK"}]}},"_links":{"self":[{"href":"https:\/\/cililin.sk\/index.php\/wp-json\/wp\/v2\/pages\/308","targetHints":{"allow":["GET"]}}],"collection":[{"href":"https:\/\/cililin.sk\/index.php\/wp-json\/wp\/v2\/pages"}],"about":[{"href":"https:\/\/cililin.sk\/index.php\/wp-json\/wp\/v2\/types\/page"}],"author":[{"embeddable":true,"href":"https:\/\/cililin.sk\/index.php\/wp-json\/wp\/v2\/users\/1"}],"replies":[{"embeddable":true,"href":"https:\/\/cililin.sk\/index.php\/wp-json\/wp\/v2\/comments?post=308"}],"version-history":[{"count":269,"href":"https:\/\/cililin.sk\/index.php\/wp-json\/wp\/v2\/pages\/308\/revisions"}],"predecessor-version":[{"id":9187,"href":"https:\/\/cililin.sk\/index.php\/wp-json\/wp\/v2\/pages\/308\/revisions\/9187"}],"wp:attachment":[{"href":"https:\/\/cililin.sk\/index.php\/wp-json\/wp\/v2\/media?parent=308"}],"curies":[{"name":"wp","href":"https:\/\/api.w.org\/{rel}","templated":true}]}}