{"id":281,"date":"2015-07-09T08:43:13","date_gmt":"2015-07-09T08:43:13","guid":{"rendered":"http:\/\/medicine-plus.cmsmasters.net\/?page_id=281"},"modified":"2020-04-12T13:26:58","modified_gmt":"2020-04-12T11:26:58","slug":"fotogaleria","status":"publish","type":"page","link":"https:\/\/cililin.sk\/index.php\/fotogaleria\/","title":{"rendered":"Fotogal\u00e9ria"},"content":{"rendered":"<style type=\"text\/css\"> \n#cmsmasters_row_69ecefa69924b6_75841531 .cmsmasters_row_outer_parent { \n\tpadding-top: 0px; \n} \n\n#cmsmasters_row_69ecefa69924b6_75841531 .cmsmasters_row_outer_parent { \n\tpadding-bottom: 70px; \n} \n\n \n#cmsmasters_divider_69ecefa6994426_15264429 { \n\tborder-bottom-width:1px; \n\tborder-bottom-style:solid; \n\tpadding-top:50px; \n\tmargin-bottom:50px; \n} \n\r\n\t\t\t\t#cmsmasters_gallery_69ecefa6994b52_67381827 .cmsmasters_gallery {\r\n\t\t\t\t\tmargin:0 0 0 -10px;\r\n\t\t\t\t}\r\n\t\t\t\t\r\n\t\t\t\t#cmsmasters_gallery_69ecefa6994b52_67381827 .cmsmasters_gallery .cmsmasters_gallery_item {\r\n\t\t\t\t\tpadding:0 0 10px 10px;\r\n\t\t\t\t}\r\n\t\t\t<\/style><div id=\"cmsmasters_row_69ecefa69924b6_75841531\" class=\"cmsmasters_row cmsmasters_color_scheme_default cmsmasters_row_top_default cmsmasters_row_bot_default cmsmasters_row_boxed\">\n<div class=\"cmsmasters_row_outer_parent\">\n<div class=\"cmsmasters_row_outer\">\n<div class=\"cmsmasters_row_inner\">\n<div class=\"cmsmasters_row_margin\">\n<div class=\"cmsmasters_column one_first\">\n\n<div id=\"cmsmasters_divider_69ecefa6994426_15264429\" class=\"cmsmasters_divider cmsmasters_divider_width_long cmsmasters_divider_pos_center\"><\/div><div id=\"cmsmasters_gallery_69ecefa6994b52_67381827\" class=\"cmsmasters_gallery_wrap\"><ul class=\"cmsmasters_gallery cmsmasters_3 cmsmasters_more_items_loader\"><li class=\"cmsmasters_gallery_item\"><figure><a href=\"https:\/\/cililin.sk\/wp-content\/uploads\/2016\/05\/06.jpg\" rel=\"ilightbox[69ecefa6994b52_67381827]\"><img loading=\"lazy\" decoding=\"async\" width=\"1920\" height=\"1080\" src=\"https:\/\/cililin.sk\/wp-content\/uploads\/2016\/05\/06.jpg\" class=\"attachment-full size-full\" alt=\"\" srcset=\"https:\/\/cililin.sk\/wp-content\/uploads\/2016\/05\/06.jpg 1920w, https:\/\/cililin.sk\/wp-content\/uploads\/2016\/05\/06-600x338.jpg 600w, https:\/\/cililin.sk\/wp-content\/uploads\/2016\/05\/06-300x169.jpg 300w, https:\/\/cililin.sk\/wp-content\/uploads\/2016\/05\/06-1024x576.jpg 1024w, https:\/\/cililin.sk\/wp-content\/uploads\/2016\/05\/06-768x432.jpg 768w, https:\/\/cililin.sk\/wp-content\/uploads\/2016\/05\/06-1536x864.jpg 1536w, https:\/\/cililin.sk\/wp-content\/uploads\/2016\/05\/06-580x326.jpg 580w, https:\/\/cililin.sk\/wp-content\/uploads\/2016\/05\/06-860x484.jpg 860w, https:\/\/cililin.sk\/wp-content\/uploads\/2016\/05\/06-1160x653.jpg 1160w\" sizes=\"auto, (max-width: 1920px) 100vw, 1920px\" \/><\/a><\/figure><\/li><li class=\"cmsmasters_gallery_item\"><figure><a href=\"https:\/\/cililin.sk\/wp-content\/uploads\/2016\/05\/05.jpg\" rel=\"ilightbox[69ecefa6994b52_67381827]\"><img loading=\"lazy\" decoding=\"async\" width=\"1920\" height=\"1080\" src=\"https:\/\/cililin.sk\/wp-content\/uploads\/2016\/05\/05.jpg\" class=\"attachment-full size-full\" alt=\"\" srcset=\"https:\/\/cililin.sk\/wp-content\/uploads\/2016\/05\/05.jpg 1920w, https:\/\/cililin.sk\/wp-content\/uploads\/2016\/05\/05-600x338.jpg 600w, https:\/\/cililin.sk\/wp-content\/uploads\/2016\/05\/05-300x169.jpg 300w, https:\/\/cililin.sk\/wp-content\/uploads\/2016\/05\/05-1024x576.jpg 1024w, https:\/\/cililin.sk\/wp-content\/uploads\/2016\/05\/05-768x432.jpg 768w, https:\/\/cililin.sk\/wp-content\/uploads\/2016\/05\/05-1536x864.jpg 1536w, https:\/\/cililin.sk\/wp-content\/uploads\/2016\/05\/05-580x326.jpg 580w, https:\/\/cililin.sk\/wp-content\/uploads\/2016\/05\/05-860x484.jpg 860w, https:\/\/cililin.sk\/wp-content\/uploads\/2016\/05\/05-1160x653.jpg 1160w\" sizes=\"auto, (max-width: 1920px) 100vw, 1920px\" \/><\/a><\/figure><\/li><li class=\"cmsmasters_gallery_item\"><figure><a href=\"https:\/\/cililin.sk\/wp-content\/uploads\/2016\/05\/04.jpg\" rel=\"ilightbox[69ecefa6994b52_67381827]\"><img loading=\"lazy\" decoding=\"async\" width=\"1920\" height=\"1080\" src=\"https:\/\/cililin.sk\/wp-content\/uploads\/2016\/05\/04.jpg\" class=\"attachment-full size-full\" alt=\"\" srcset=\"https:\/\/cililin.sk\/wp-content\/uploads\/2016\/05\/04.jpg 1920w, https:\/\/cililin.sk\/wp-content\/uploads\/2016\/05\/04-600x338.jpg 600w, https:\/\/cililin.sk\/wp-content\/uploads\/2016\/05\/04-300x169.jpg 300w, https:\/\/cililin.sk\/wp-content\/uploads\/2016\/05\/04-1024x576.jpg 1024w, https:\/\/cililin.sk\/wp-content\/uploads\/2016\/05\/04-768x432.jpg 768w, https:\/\/cililin.sk\/wp-content\/uploads\/2016\/05\/04-1536x864.jpg 1536w, https:\/\/cililin.sk\/wp-content\/uploads\/2016\/05\/04-580x326.jpg 580w, https:\/\/cililin.sk\/wp-content\/uploads\/2016\/05\/04-860x484.jpg 860w, https:\/\/cililin.sk\/wp-content\/uploads\/2016\/05\/04-1160x653.jpg 1160w\" sizes=\"auto, (max-width: 1920px) 100vw, 1920px\" \/><\/a><\/figure><\/li><\/ul><script type=\"text\/javascript\">\r\n\t\t\t\tjQuery(document).ready(function () {\r\n\t\t\t\t\t(function ($) {\r\n\t\t\t\t\t\tif ($('#cmsmasters_gallery_69ecefa6994b52_67381827').find('.cmsmasters_gallery_item').length == '0') {\r\n\t\t\t\t\t\t\treturn false;\r\n\t\t\t\t\t\t}\r\n\t\t\t\t\t\t\r\n\t\t\t\t\t\t\r\n\t\t\t\t\t\tstartGallery( \r\n\t\t\t\t\t\t\t'69ecefa6994b52_67381827', \r\n\t\t\t\t\t\t\t'grid', \r\n\t\t\t\t\t\t\t'false', \r\n\t\t\t\t\t\t\t'false' \r\n\t\t\t\t\t\t);\r\n\t\t\t\t\t} )(jQuery);\r\n\t\t\t\t} );\r\n\t\t\t<\/script>\r\n\t\t\t<\/div>\n<\/div>\n<\/div>\n<\/div>\n<\/div>\n<\/div>\n<\/div>\n\n","protected":false},"excerpt":{"rendered":"","protected":false},"author":1,"featured_media":0,"parent":0,"menu_order":0,"comment_status":"closed","ping_status":"open","template":"","meta":{"footnotes":""},"class_list":["post-281","page","type-page","status-publish","hentry"],"yoast_head":"<!-- This site is optimized with the Yoast SEO plugin v26.7 - https:\/\/yoast.com\/wordpress\/plugins\/seo\/ -->\n<title>Fotogal\u00e9ria - S\u00fakromn\u00e1 \u0161k\u00f4lka CILILIN<\/title>\n<meta name=\"robots\" content=\"index, follow, max-snippet:-1, max-image-preview:large, max-video-preview:-1\" \/>\n<link rel=\"canonical\" href=\"https:\/\/www.cililin.sk\/index.php\/fotogaleria\/\" \/>\n<meta property=\"og:locale\" content=\"sk_SK\" \/>\n<meta property=\"og:type\" content=\"article\" \/>\n<meta property=\"og:title\" content=\"Fotogal\u00e9ria - S\u00fakromn\u00e1 \u0161k\u00f4lka CILILIN\" \/>\n<meta property=\"og:url\" content=\"https:\/\/www.cililin.sk\/index.php\/fotogaleria\/\" \/>\n<meta property=\"og:site_name\" content=\"S\u00fakromn\u00e1 \u0161k\u00f4lka CILILIN\" \/>\n<meta property=\"article:modified_time\" content=\"2020-04-12T11:26:58+00:00\" \/>\n<meta name=\"twitter:card\" content=\"summary_large_image\" \/>\n<script type=\"application\/ld+json\" class=\"yoast-schema-graph\">{\"@context\":\"https:\/\/schema.org\",\"@graph\":[{\"@type\":\"WebPage\",\"@id\":\"https:\/\/www.cililin.sk\/index.php\/fotogaleria\/\",\"url\":\"https:\/\/www.cililin.sk\/index.php\/fotogaleria\/\",\"name\":\"Fotogal\u00e9ria - S\u00fakromn\u00e1 \u0161k\u00f4lka CILILIN\",\"isPartOf\":{\"@id\":\"https:\/\/www.cililin.sk\/#website\"},\"datePublished\":\"2015-07-09T08:43:13+00:00\",\"dateModified\":\"2020-04-12T11:26:58+00:00\",\"breadcrumb\":{\"@id\":\"https:\/\/www.cililin.sk\/index.php\/fotogaleria\/#breadcrumb\"},\"inLanguage\":\"sk-SK\",\"potentialAction\":[{\"@type\":\"ReadAction\",\"target\":[\"https:\/\/www.cililin.sk\/index.php\/fotogaleria\/\"]}]},{\"@type\":\"BreadcrumbList\",\"@id\":\"https:\/\/www.cililin.sk\/index.php\/fotogaleria\/#breadcrumb\",\"itemListElement\":[{\"@type\":\"ListItem\",\"position\":1,\"name\":\"Home\",\"item\":\"https:\/\/www.cililin.sk\/\"},{\"@type\":\"ListItem\",\"position\":2,\"name\":\"Fotogal\u00e9ria\"}]},{\"@type\":\"WebSite\",\"@id\":\"https:\/\/www.cililin.sk\/#website\",\"url\":\"https:\/\/www.cililin.sk\/\",\"name\":\"S\u00fakromn\u00e1 \u0161k\u00f4lka CILILIN\",\"description\":\"S\u00fakromn\u00e1 \u0161k\u00f4lka - Z\u00e1horsk\u00e1 Bystrica\",\"potentialAction\":[{\"@type\":\"SearchAction\",\"target\":{\"@type\":\"EntryPoint\",\"urlTemplate\":\"https:\/\/www.cililin.sk\/?s={search_term_string}\"},\"query-input\":{\"@type\":\"PropertyValueSpecification\",\"valueRequired\":true,\"valueName\":\"search_term_string\"}}],\"inLanguage\":\"sk-SK\"}]}<\/script>\n<!-- \/ Yoast SEO plugin. -->","yoast_head_json":{"title":"Fotogal\u00e9ria - S\u00fakromn\u00e1 \u0161k\u00f4lka CILILIN","robots":{"index":"index","follow":"follow","max-snippet":"max-snippet:-1","max-image-preview":"max-image-preview:large","max-video-preview":"max-video-preview:-1"},"canonical":"https:\/\/www.cililin.sk\/index.php\/fotogaleria\/","og_locale":"sk_SK","og_type":"article","og_title":"Fotogal\u00e9ria - S\u00fakromn\u00e1 \u0161k\u00f4lka CILILIN","og_url":"https:\/\/www.cililin.sk\/index.php\/fotogaleria\/","og_site_name":"S\u00fakromn\u00e1 \u0161k\u00f4lka CILILIN","article_modified_time":"2020-04-12T11:26:58+00:00","twitter_card":"summary_large_image","schema":{"@context":"https:\/\/schema.org","@graph":[{"@type":"WebPage","@id":"https:\/\/www.cililin.sk\/index.php\/fotogaleria\/","url":"https:\/\/www.cililin.sk\/index.php\/fotogaleria\/","name":"Fotogal\u00e9ria - S\u00fakromn\u00e1 \u0161k\u00f4lka CILILIN","isPartOf":{"@id":"https:\/\/www.cililin.sk\/#website"},"datePublished":"2015-07-09T08:43:13+00:00","dateModified":"2020-04-12T11:26:58+00:00","breadcrumb":{"@id":"https:\/\/www.cililin.sk\/index.php\/fotogaleria\/#breadcrumb"},"inLanguage":"sk-SK","potentialAction":[{"@type":"ReadAction","target":["https:\/\/www.cililin.sk\/index.php\/fotogaleria\/"]}]},{"@type":"BreadcrumbList","@id":"https:\/\/www.cililin.sk\/index.php\/fotogaleria\/#breadcrumb","itemListElement":[{"@type":"ListItem","position":1,"name":"Home","item":"https:\/\/www.cililin.sk\/"},{"@type":"ListItem","position":2,"name":"Fotogal\u00e9ria"}]},{"@type":"WebSite","@id":"https:\/\/www.cililin.sk\/#website","url":"https:\/\/www.cililin.sk\/","name":"S\u00fakromn\u00e1 \u0161k\u00f4lka CILILIN","description":"S\u00fakromn\u00e1 \u0161k\u00f4lka - Z\u00e1horsk\u00e1 Bystrica","potentialAction":[{"@type":"SearchAction","target":{"@type":"EntryPoint","urlTemplate":"https:\/\/www.cililin.sk\/?s={search_term_string}"},"query-input":{"@type":"PropertyValueSpecification","valueRequired":true,"valueName":"search_term_string"}}],"inLanguage":"sk-SK"}]}},"_links":{"self":[{"href":"https:\/\/cililin.sk\/index.php\/wp-json\/wp\/v2\/pages\/281","targetHints":{"allow":["GET"]}}],"collection":[{"href":"https:\/\/cililin.sk\/index.php\/wp-json\/wp\/v2\/pages"}],"about":[{"href":"https:\/\/cililin.sk\/index.php\/wp-json\/wp\/v2\/types\/page"}],"author":[{"embeddable":true,"href":"https:\/\/cililin.sk\/index.php\/wp-json\/wp\/v2\/users\/1"}],"replies":[{"embeddable":true,"href":"https:\/\/cililin.sk\/index.php\/wp-json\/wp\/v2\/comments?post=281"}],"version-history":[{"count":4,"href":"https:\/\/cililin.sk\/index.php\/wp-json\/wp\/v2\/pages\/281\/revisions"}],"predecessor-version":[{"id":8356,"href":"https:\/\/cililin.sk\/index.php\/wp-json\/wp\/v2\/pages\/281\/revisions\/8356"}],"wp:attachment":[{"href":"https:\/\/cililin.sk\/index.php\/wp-json\/wp\/v2\/media?parent=281"}],"curies":[{"name":"wp","href":"https:\/\/api.w.org\/{rel}","templated":true}]}}