{"id":10,"date":"2015-07-07T07:22:17","date_gmt":"2015-07-07T07:22:17","guid":{"rendered":"http:\/\/medicine-plus.cmsmasters.net\/?page_id=10"},"modified":"2026-04-13T22:16:48","modified_gmt":"2026-04-13T20:16:48","slug":"dokumenty","status":"publish","type":"page","link":"https:\/\/cililin.sk\/index.php\/dokumenty\/","title":{"rendered":"Dokumenty"},"content":{"rendered":"<style type=\"text\/css\"> \n#cmsmasters_row_69ecf217420532_26644383 .cmsmasters_row_outer_parent { \n\tpadding-top: 70px; \n} \n\n \n#cmsmasters_heading_69ecf2174222b { \n\ttext-align:center; \n\tmargin-top:0px; \n\tmargin-bottom:0px; \n} \n\n#cmsmasters_heading_69ecf2174222b .cmsmasters_heading { \n\ttext-align:center; \n} \n\n#cmsmasters_heading_69ecf2174222b .cmsmasters_heading, #cmsmasters_heading_69ecf2174222b .cmsmasters_heading a { \n\tfont-weight:300; \n\tfont-style:normal; \n} \n\n#cmsmasters_heading_69ecf2174222b .cmsmasters_heading_divider { \n} \n\n \n#cmsmasters_row_69ecf217424369_89224208 .cmsmasters_row_outer_parent { \n\tpadding-top: 0px; \n} \n\n#cmsmasters_row_69ecf217424369_89224208 .cmsmasters_row_outer_parent { \n\tpadding-bottom: 50px; \n} \n\n \n#cmsmasters_divider_69ecf217425b65_06489012 { \n\tborder-bottom-width:1px; \n\tborder-bottom-style:solid; \n\tpadding-top:50px; \n\tmargin-bottom:50px; \n} \n \n#cmsmasters_row_69ecf217426017_04535718 .cmsmasters_row_outer_parent { \n\tpadding-top: 0px; \n} \n\n#cmsmasters_row_69ecf217426017_04535718 .cmsmasters_row_outer_parent { \n\tpadding-bottom: 50px; \n} \n\n\n#cmsmasters_button_69ecf2174273d7_33234957 { \n\ttext-align:center; \n} \n\n#cmsmasters_button_69ecf2174273d7_33234957 .cmsmasters_button:before { \n\tmargin-right:.5em; \n\tmargin-left:0; \n\tvertical-align:baseline; \n} \n\n#cmsmasters_button_69ecf2174273d7_33234957 .cmsmasters_button { \n\tfont-weight:normal; \n\tfont-style:normal; \n\tborder-style:solid; \n\tbackground-color:#fe677a;\n} \n#cmsmasters_button_69ecf2174273d7_33234957 .cmsmasters_button:hover { \n\tbackground-color:#ffffff;\n\tcolor:#fe677a;\n\tborder-color:#fe677a;\n} \n \n#cmsmasters_row_69ecf217427924_12581817 .cmsmasters_row_outer_parent { \n\tpadding-top: 0px; \n} \n\n#cmsmasters_row_69ecf217427924_12581817 .cmsmasters_row_outer_parent { \n\tpadding-bottom: 50px; \n} \n\n\n#cmsmasters_button_69ecf217428214_37020201 { \n\ttext-align:center; \n} \n\n#cmsmasters_button_69ecf217428214_37020201 .cmsmasters_button:before { \n\tmargin-right:.5em; \n\tmargin-left:0; \n\tvertical-align:baseline; \n} \n\n#cmsmasters_button_69ecf217428214_37020201 .cmsmasters_button { \n\tfont-weight:normal; \n\tfont-style:normal; \n\tborder-style:solid; \n} \n#cmsmasters_button_69ecf217428214_37020201 .cmsmasters_button:hover { \n} \n<\/style><div id=\"cmsmasters_row_69ecf217420532_26644383\" class=\"cmsmasters_row cmsmasters_color_scheme_default cmsmasters_row_top_default cmsmasters_row_bot_default cmsmasters_row_boxed\">\n<div class=\"cmsmasters_row_outer_parent\">\n<div class=\"cmsmasters_row_outer\">\n<div class=\"cmsmasters_row_inner\">\n<div class=\"cmsmasters_row_margin\">\n<div class=\"cmsmasters_column one_first\">\n\n<div id=\"cmsmasters_heading_69ecf2174222b\" class=\"cmsmasters_heading_wrap cmsmasters_heading_align_center\">\n\t<h2 class=\"cmsmasters_heading\">Tu ni\u017e\u0161ie n\u00e1jdete aktu\u00e1lne dokumenty na\u0161ej \u0161k\u00f4lky<\/h2>\n<\/div>\n<\/div>\n<\/div>\n<\/div>\n<\/div>\n<\/div>\n<\/div>\n<div id=\"cmsmasters_row_69ecf217424369_89224208\" class=\"cmsmasters_row cmsmasters_color_scheme_default cmsmasters_row_top_default cmsmasters_row_bot_default cmsmasters_row_boxed\">\n<div class=\"cmsmasters_row_outer_parent\">\n<div class=\"cmsmasters_row_outer\">\n<div class=\"cmsmasters_row_inner\">\n<div class=\"cmsmasters_row_margin\">\n<div class=\"cmsmasters_column one_first\">\n\n<div id=\"cmsmasters_divider_69ecf217425b65_06489012\" class=\"cmsmasters_divider cmsmasters_divider_width_long cmsmasters_divider_pos_center\"><\/div>\n<\/div>\n<\/div>\n<\/div>\n<\/div>\n<\/div>\n<\/div>\n<div id=\"cmsmasters_row_69ecf217426017_04535718\" class=\"cmsmasters_row cmsmasters_color_scheme_default cmsmasters_row_top_default cmsmasters_row_bot_default cmsmasters_row_boxed\">\n<div class=\"cmsmasters_row_outer_parent\">\n<div class=\"cmsmasters_row_outer\">\n<div class=\"cmsmasters_row_inner\">\n<div class=\"cmsmasters_row_margin\">\n<div class=\"cmsmasters_column one_first\">\n\n<div id=\"cmsmasters_button_69ecf2174273d7_33234957\" class=\"button_wrap\"><a href=\"https:\/\/cililin.sk\/wp-content\/uploads\/2026\/04\/1_Prihlaska_Cililin_2026_2027.pdf\" class=\"cmsmasters_button\"><span>Prihl\u00e1\u0161ka die\u0165a\u0165a na stiahnutie<\/span><\/a><\/div>\n<\/div>\n<\/div>\n<\/div>\n<\/div>\n<\/div>\n<\/div>\n<div id=\"cmsmasters_row_69ecf217427924_12581817\" class=\"cmsmasters_row cmsmasters_color_scheme_default cmsmasters_row_top_default cmsmasters_row_bot_default cmsmasters_row_boxed\">\n<div class=\"cmsmasters_row_outer_parent\">\n<div class=\"cmsmasters_row_outer\">\n<div class=\"cmsmasters_row_inner\">\n<div class=\"cmsmasters_row_margin\">\n<div class=\"cmsmasters_column one_first\">\n\n<div id=\"cmsmasters_button_69ecf217428214_37020201\" class=\"button_wrap\"><a href=\"https:\/\/cililin.sk\/wp-content\/uploads\/2026\/04\/Cennik_2026_2027.pdf\" class=\"cmsmasters_button\"><span>Cenn\u00edk platn\u00fd na rok 2025\/2026<\/span><\/a><\/div>\n<\/div>\n<\/div>\n<\/div>\n<\/div>\n<\/div>\n<\/div>\n\n","protected":false},"excerpt":{"rendered":"","protected":false},"author":1,"featured_media":0,"parent":0,"menu_order":0,"comment_status":"closed","ping_status":"open","template":"","meta":{"footnotes":""},"class_list":["post-10","page","type-page","status-publish","hentry"],"yoast_head":"<!-- This site is optimized with the Yoast SEO plugin v26.7 - https:\/\/yoast.com\/wordpress\/plugins\/seo\/ -->\n<title>Dokumenty - S\u00fakromn\u00e1 \u0161k\u00f4lka CILILIN<\/title>\n<meta name=\"robots\" content=\"index, follow, max-snippet:-1, max-image-preview:large, max-video-preview:-1\" \/>\n<link rel=\"canonical\" href=\"https:\/\/www.cililin.sk\/index.php\/dokumenty\/\" \/>\n<meta property=\"og:locale\" content=\"sk_SK\" \/>\n<meta property=\"og:type\" content=\"article\" \/>\n<meta property=\"og:title\" content=\"Dokumenty - S\u00fakromn\u00e1 \u0161k\u00f4lka CILILIN\" \/>\n<meta property=\"og:url\" content=\"https:\/\/www.cililin.sk\/index.php\/dokumenty\/\" \/>\n<meta property=\"og:site_name\" content=\"S\u00fakromn\u00e1 \u0161k\u00f4lka CILILIN\" \/>\n<meta property=\"article:modified_time\" content=\"2026-04-13T20:16:48+00:00\" \/>\n<meta name=\"twitter:card\" content=\"summary_large_image\" \/>\n<meta name=\"twitter:label1\" content=\"Predpokladan\u00fd \u010das \u010d\u00edtania\" \/>\n\t<meta name=\"twitter:data1\" content=\"1 min\u00fata\" \/>\n<script type=\"application\/ld+json\" class=\"yoast-schema-graph\">{\"@context\":\"https:\/\/schema.org\",\"@graph\":[{\"@type\":\"WebPage\",\"@id\":\"https:\/\/www.cililin.sk\/index.php\/dokumenty\/\",\"url\":\"https:\/\/www.cililin.sk\/index.php\/dokumenty\/\",\"name\":\"Dokumenty - S\u00fakromn\u00e1 \u0161k\u00f4lka CILILIN\",\"isPartOf\":{\"@id\":\"https:\/\/www.cililin.sk\/#website\"},\"datePublished\":\"2015-07-07T07:22:17+00:00\",\"dateModified\":\"2026-04-13T20:16:48+00:00\",\"breadcrumb\":{\"@id\":\"https:\/\/www.cililin.sk\/index.php\/dokumenty\/#breadcrumb\"},\"inLanguage\":\"sk-SK\",\"potentialAction\":[{\"@type\":\"ReadAction\",\"target\":[\"https:\/\/www.cililin.sk\/index.php\/dokumenty\/\"]}]},{\"@type\":\"BreadcrumbList\",\"@id\":\"https:\/\/www.cililin.sk\/index.php\/dokumenty\/#breadcrumb\",\"itemListElement\":[{\"@type\":\"ListItem\",\"position\":1,\"name\":\"Home\",\"item\":\"https:\/\/www.cililin.sk\/\"},{\"@type\":\"ListItem\",\"position\":2,\"name\":\"Dokumenty\"}]},{\"@type\":\"WebSite\",\"@id\":\"https:\/\/www.cililin.sk\/#website\",\"url\":\"https:\/\/www.cililin.sk\/\",\"name\":\"S\u00fakromn\u00e1 \u0161k\u00f4lka CILILIN\",\"description\":\"S\u00fakromn\u00e1 \u0161k\u00f4lka - Z\u00e1horsk\u00e1 Bystrica\",\"potentialAction\":[{\"@type\":\"SearchAction\",\"target\":{\"@type\":\"EntryPoint\",\"urlTemplate\":\"https:\/\/www.cililin.sk\/?s={search_term_string}\"},\"query-input\":{\"@type\":\"PropertyValueSpecification\",\"valueRequired\":true,\"valueName\":\"search_term_string\"}}],\"inLanguage\":\"sk-SK\"}]}<\/script>\n<!-- \/ Yoast SEO plugin. -->","yoast_head_json":{"title":"Dokumenty - S\u00fakromn\u00e1 \u0161k\u00f4lka CILILIN","robots":{"index":"index","follow":"follow","max-snippet":"max-snippet:-1","max-image-preview":"max-image-preview:large","max-video-preview":"max-video-preview:-1"},"canonical":"https:\/\/www.cililin.sk\/index.php\/dokumenty\/","og_locale":"sk_SK","og_type":"article","og_title":"Dokumenty - S\u00fakromn\u00e1 \u0161k\u00f4lka CILILIN","og_url":"https:\/\/www.cililin.sk\/index.php\/dokumenty\/","og_site_name":"S\u00fakromn\u00e1 \u0161k\u00f4lka CILILIN","article_modified_time":"2026-04-13T20:16:48+00:00","twitter_card":"summary_large_image","twitter_misc":{"Predpokladan\u00fd \u010das \u010d\u00edtania":"1 min\u00fata"},"schema":{"@context":"https:\/\/schema.org","@graph":[{"@type":"WebPage","@id":"https:\/\/www.cililin.sk\/index.php\/dokumenty\/","url":"https:\/\/www.cililin.sk\/index.php\/dokumenty\/","name":"Dokumenty - S\u00fakromn\u00e1 \u0161k\u00f4lka CILILIN","isPartOf":{"@id":"https:\/\/www.cililin.sk\/#website"},"datePublished":"2015-07-07T07:22:17+00:00","dateModified":"2026-04-13T20:16:48+00:00","breadcrumb":{"@id":"https:\/\/www.cililin.sk\/index.php\/dokumenty\/#breadcrumb"},"inLanguage":"sk-SK","potentialAction":[{"@type":"ReadAction","target":["https:\/\/www.cililin.sk\/index.php\/dokumenty\/"]}]},{"@type":"BreadcrumbList","@id":"https:\/\/www.cililin.sk\/index.php\/dokumenty\/#breadcrumb","itemListElement":[{"@type":"ListItem","position":1,"name":"Home","item":"https:\/\/www.cililin.sk\/"},{"@type":"ListItem","position":2,"name":"Dokumenty"}]},{"@type":"WebSite","@id":"https:\/\/www.cililin.sk\/#website","url":"https:\/\/www.cililin.sk\/","name":"S\u00fakromn\u00e1 \u0161k\u00f4lka CILILIN","description":"S\u00fakromn\u00e1 \u0161k\u00f4lka - Z\u00e1horsk\u00e1 Bystrica","potentialAction":[{"@type":"SearchAction","target":{"@type":"EntryPoint","urlTemplate":"https:\/\/www.cililin.sk\/?s={search_term_string}"},"query-input":{"@type":"PropertyValueSpecification","valueRequired":true,"valueName":"search_term_string"}}],"inLanguage":"sk-SK"}]}},"_links":{"self":[{"href":"https:\/\/cililin.sk\/index.php\/wp-json\/wp\/v2\/pages\/10","targetHints":{"allow":["GET"]}}],"collection":[{"href":"https:\/\/cililin.sk\/index.php\/wp-json\/wp\/v2\/pages"}],"about":[{"href":"https:\/\/cililin.sk\/index.php\/wp-json\/wp\/v2\/types\/page"}],"author":[{"embeddable":true,"href":"https:\/\/cililin.sk\/index.php\/wp-json\/wp\/v2\/users\/1"}],"replies":[{"embeddable":true,"href":"https:\/\/cililin.sk\/index.php\/wp-json\/wp\/v2\/comments?post=10"}],"version-history":[{"count":29,"href":"https:\/\/cililin.sk\/index.php\/wp-json\/wp\/v2\/pages\/10\/revisions"}],"predecessor-version":[{"id":9180,"href":"https:\/\/cililin.sk\/index.php\/wp-json\/wp\/v2\/pages\/10\/revisions\/9180"}],"wp:attachment":[{"href":"https:\/\/cililin.sk\/index.php\/wp-json\/wp\/v2\/media?parent=10"}],"curies":[{"name":"wp","href":"https:\/\/api.w.org\/{rel}","templated":true}]}}